{"id":11,"date":"2021-06-18T18:36:44","date_gmt":"2021-06-18T18:36:44","guid":{"rendered":"http:\/\/www.clanranald.cloud\/?page_id=11"},"modified":"2021-06-29T14:35:12","modified_gmt":"2021-06-29T14:35:12","slug":"blog","status":"publish","type":"page","link":"https:\/\/www.clanranald.cloud\/","title":{"rendered":"Nous sommes"},"content":{"rendered":"\n<p>CLANRANALD INC, est une entreprise de services du num\u00e9rique bas\u00e9e \u00e0 Montr\u00e9al.<\/p>\n\n\n\n<p>Notre \u00e9quipe est uniquement compos\u00e9e d\u2019experts qualifi\u00e9s afin de vous garantir le meilleur service possible \u00e0 chacun de nos clients.<\/p>\n\n\n\n<p>Expert informatique mais avant tout humain nous misons la proximit\u00e9 avec chacun de nos clients.<\/p>\n\n\n\n<p>Nos qualifications et notre proximit\u00e9, nous permettent d\u2019analyser parfaitement vos besoins et de vous proposer la solution la plus adapt\u00e9e \u00e0 votre entreprise.<\/p>\n\n\n\n<p>Notre objectif est d\u2019am\u00e9liorer le fonctionnement ou de g\u00e9rer votre outil de travail informatique afin que vous puissiez vous concentrer sur votre c\u0153ur de m\u00e9tier et travailler plus efficacement vous et votre \u00e9quipe.<\/p>\n\n\n\n<p>Chaque membre de notre \u00e9quipe est \u00e0 votre service.<\/p>\n","protected":false},"excerpt":{"rendered":"<p>CLANRANALD INC, est une entreprise de services du num\u00e9rique bas\u00e9e \u00e0 Montr\u00e9al. Notre \u00e9quipe est uniquement compos\u00e9e d\u2019experts qualifi\u00e9s afin de vous garantir le meilleur service possible \u00e0 chacun de nos clients. Expert informatique mais avant tout humain nous misons la proximit\u00e9 avec chacun de nos clients. Nos qualifications et notre proximit\u00e9, nous permettent d\u2019analyser [&hellip;]<\/p>\n","protected":false},"author":1,"featured_media":7,"parent":0,"menu_order":0,"comment_status":"closed","ping_status":"closed","template":"","meta":{"footnotes":""},"class_list":["post-11","page","type-page","status-publish","has-post-thumbnail","hentry"],"_links":{"self":[{"href":"https:\/\/www.clanranald.cloud\/index.php\/wp-json\/wp\/v2\/pages\/11","targetHints":{"allow":["GET"]}}],"collection":[{"href":"https:\/\/www.clanranald.cloud\/index.php\/wp-json\/wp\/v2\/pages"}],"about":[{"href":"https:\/\/www.clanranald.cloud\/index.php\/wp-json\/wp\/v2\/types\/page"}],"author":[{"embeddable":true,"href":"https:\/\/www.clanranald.cloud\/index.php\/wp-json\/wp\/v2\/users\/1"}],"replies":[{"embeddable":true,"href":"https:\/\/www.clanranald.cloud\/index.php\/wp-json\/wp\/v2\/comments?post=11"}],"version-history":[{"count":3,"href":"https:\/\/www.clanranald.cloud\/index.php\/wp-json\/wp\/v2\/pages\/11\/revisions"}],"predecessor-version":[{"id":55,"href":"https:\/\/www.clanranald.cloud\/index.php\/wp-json\/wp\/v2\/pages\/11\/revisions\/55"}],"wp:featuredmedia":[{"embeddable":true,"href":"https:\/\/www.clanranald.cloud\/index.php\/wp-json\/wp\/v2\/media\/7"}],"wp:attachment":[{"href":"https:\/\/www.clanranald.cloud\/index.php\/wp-json\/wp\/v2\/media?parent=11"}],"curies":[{"name":"wp","href":"https:\/\/api.w.org\/{rel}","templated":true}]}}